{"id":993,"date":"2022-08-12T15:53:02","date_gmt":"2022-08-12T15:53:02","guid":{"rendered":"https:\/\/gestiongyd.cl\/?post_type=product&#038;p=993"},"modified":"2024-04-16T16:08:31","modified_gmt":"2024-04-16T16:08:31","slug":"capacitor-partida-05uf-370v-50-60-hz","status":"publish","type":"product","link":"https:\/\/gestiongyd.cl\/index.php\/producto\/capacitor-partida-05uf-370v-50-60-hz\/","title":{"rendered":"CAPACITOR PARTIDA 05UF 370V &#8211; 50\/60 HZ"},"content":{"rendered":"<p>Caracter\u00edsticas<\/p>\n<p class=\"tw-data-text tw-text-large tw-ta\" dir=\"ltr\" data-placeholder=\"Traducci\u00f3n\"><span class=\"Y2IQFc\" lang=\"es\">Temperatura de funcionamiento -25\u00b0C a + 85\u00b0C <\/span><\/p>\n<p class=\"tw-data-text tw-text-large tw-ta\" dir=\"ltr\" data-placeholder=\"Traducci\u00f3n\"><span class=\"Y2IQFc\" lang=\"es\">Tolerancia microfaradio \u00b5f +\/- 5% <\/span><\/p>\n<p class=\"tw-data-text tw-text-large tw-ta\" dir=\"ltr\" data-placeholder=\"Traducci\u00f3n\"><span class=\"Y2IQFc\" lang=\"es\">Terminales de conexi\u00f3n r\u00e1pida cu\u00e1druple <\/span><\/p>\n<p class=\"tw-data-text tw-text-large tw-ta\" dir=\"ltr\" data-placeholder=\"Traducci\u00f3n\"><span class=\"Y2IQFc\" lang=\"es\">Herm\u00e9ticamente Sellada<\/span><\/p>\n","protected":false},"excerpt":{"rendered":"<pre>Donde usar\r\n\r\nCompresores de aire acondicionado\r\nCompresores de refrigeraci\u00f3n\r\nMotores de ventilador de horno\r\n<span class=\"Y2IQFc\" lang=\"es\">Motores de ventilador de condensador<\/span><\/pre>\n","protected":false},"featured_media":989,"comment_status":"open","ping_status":"closed","template":"","meta":[],"product_brand":[],"product_cat":[61],"product_tag":[],"class_list":{"0":"post-993","1":"product","2":"type-product","3":"status-publish","4":"has-post-thumbnail","6":"product_cat-partes-a-c-aire-acondicionado","8":"first","9":"instock","10":"purchasable","11":"product-type-simple"},"_links":{"self":[{"href":"https:\/\/gestiongyd.cl\/index.php\/wp-json\/wp\/v2\/product\/993","targetHints":{"allow":["GET"]}}],"collection":[{"href":"https:\/\/gestiongyd.cl\/index.php\/wp-json\/wp\/v2\/product"}],"about":[{"href":"https:\/\/gestiongyd.cl\/index.php\/wp-json\/wp\/v2\/types\/product"}],"replies":[{"embeddable":true,"href":"https:\/\/gestiongyd.cl\/index.php\/wp-json\/wp\/v2\/comments?post=993"}],"wp:featuredmedia":[{"embeddable":true,"href":"https:\/\/gestiongyd.cl\/index.php\/wp-json\/wp\/v2\/media\/989"}],"wp:attachment":[{"href":"https:\/\/gestiongyd.cl\/index.php\/wp-json\/wp\/v2\/media?parent=993"}],"wp:term":[{"taxonomy":"product_brand","embeddable":true,"href":"https:\/\/gestiongyd.cl\/index.php\/wp-json\/wp\/v2\/product_brand?post=993"},{"taxonomy":"product_cat","embeddable":true,"href":"https:\/\/gestiongyd.cl\/index.php\/wp-json\/wp\/v2\/product_cat?post=993"},{"taxonomy":"product_tag","embeddable":true,"href":"https:\/\/gestiongyd.cl\/index.php\/wp-json\/wp\/v2\/product_tag?post=993"}],"curies":[{"name":"wp","href":"https:\/\/api.w.org\/{rel}","templated":true}]}}