{"id":1302,"date":"2024-12-26T20:32:25","date_gmt":"2024-12-26T20:32:25","guid":{"rendered":"https:\/\/gestiongyd.cl\/?post_type=product&#038;p=1302"},"modified":"2025-05-26T17:37:40","modified_gmt":"2025-05-26T17:37:40","slug":"arbol-de-carga-r32-r410a-r134a-r22-asia-90cm","status":"publish","type":"product","link":"https:\/\/gestiongyd.cl\/index.php\/producto\/arbol-de-carga-r32-r410a-r134a-r22-asia-90cm\/","title":{"rendered":"ARBOL DE CARGA \/ R32 &#8211; R410A &#8211; R134A &#8211; R22 ASIA 90CM"},"content":{"rendered":"<p><strong>\u00c1rbol de Carga con Goma Anti Golpes para Gases Refrigerantes<\/strong><br \/>\n<strong>Compatibilidad<\/strong>: Funciona con los gases refrigerantes m\u00e1s utilizados, asegurando un rendimiento \u00f3ptimo.<br \/>\n<strong>Goma Anti Golpes<\/strong>: Su dise\u00f1o incluye goma que protege contra impactos, prolongando la vida \u00fatil del equipo.<br \/>\n<strong>Mangueras Manifold<\/strong>: Incluye mangueras de 90 cm, facilitando su uso y conexi\u00f3n con otros equipos.<br \/>\n<strong>Marca Longterm<\/strong>: Con la calidad garantizada de Longterm, puedes confiar en la durabilidad y eficacia de este producto.<\/p>\n","protected":false},"excerpt":{"rendered":"<p>\u00c1rbol de Carga con Goma Anti Golpes para Gases Refrigerantes Compatibilidad: Funciona con los gases refrigerantes m\u00e1s utilizados, asegurando un rendimiento \u00f3ptimo. Goma Anti Golpes: Su dise\u00f1o incluye goma que protege contra impactos, prolongando la vida \u00fatil del equipo. Mangueras<\/p>\n","protected":false},"featured_media":1303,"comment_status":"open","ping_status":"closed","template":"","meta":[],"product_brand":[],"product_cat":[44,61],"product_tag":[],"class_list":{"0":"post-1302","1":"product","2":"type-product","3":"status-publish","4":"has-post-thumbnail","6":"product_cat-aire-acondicionado","7":"product_cat-partes-a-c-aire-acondicionado","9":"first","10":"instock","11":"purchasable","12":"product-type-simple"},"_links":{"self":[{"href":"https:\/\/gestiongyd.cl\/index.php\/wp-json\/wp\/v2\/product\/1302","targetHints":{"allow":["GET"]}}],"collection":[{"href":"https:\/\/gestiongyd.cl\/index.php\/wp-json\/wp\/v2\/product"}],"about":[{"href":"https:\/\/gestiongyd.cl\/index.php\/wp-json\/wp\/v2\/types\/product"}],"replies":[{"embeddable":true,"href":"https:\/\/gestiongyd.cl\/index.php\/wp-json\/wp\/v2\/comments?post=1302"}],"wp:featuredmedia":[{"embeddable":true,"href":"https:\/\/gestiongyd.cl\/index.php\/wp-json\/wp\/v2\/media\/1303"}],"wp:attachment":[{"href":"https:\/\/gestiongyd.cl\/index.php\/wp-json\/wp\/v2\/media?parent=1302"}],"wp:term":[{"taxonomy":"product_brand","embeddable":true,"href":"https:\/\/gestiongyd.cl\/index.php\/wp-json\/wp\/v2\/product_brand?post=1302"},{"taxonomy":"product_cat","embeddable":true,"href":"https:\/\/gestiongyd.cl\/index.php\/wp-json\/wp\/v2\/product_cat?post=1302"},{"taxonomy":"product_tag","embeddable":true,"href":"https:\/\/gestiongyd.cl\/index.php\/wp-json\/wp\/v2\/product_tag?post=1302"}],"curies":[{"name":"wp","href":"https:\/\/api.w.org\/{rel}","templated":true}]}}