{"id":1186,"date":"2023-08-17T19:45:23","date_gmt":"2023-08-17T19:45:23","guid":{"rendered":"https:\/\/gestiongyd.cl\/?post_type=product&#038;p=1186"},"modified":"2025-05-26T17:43:32","modified_gmt":"2025-05-26T17:43:32","slug":"rollo-film-paletizador-09-n-15-b-ecofilm-c01","status":"publish","type":"product","link":"https:\/\/gestiongyd.cl\/index.php\/producto\/rollo-film-paletizador-09-n-15-b-ecofilm-c01\/","title":{"rendered":"ROLLO FILM PALETIZADOR 0,9 N &#8211; 1,5 B ECOFILM C01"},"content":{"rendered":"<p><b>ECOFILM &#8211;<\/b>\u00a0Rollo Film Paletizador Manual &#8211; Material completamente reciclable, posee buenas propiedades mec\u00e1nicas, excelente % de estiramiento, y excelente consolidaci\u00f3n de paletizado. Fabricado con PE Lineal de Baja Densidad (LLDPE) y resina reciclada de Polietileno (rPE), lo que le da al film un color gris\u00e1ceo. Dentro de sus usos se considera la envoltura de Pallets y la Consolidaci\u00f3n de Carga. Tambi\u00e9n es utilizado como contacto secundario y terciario con los productos a envolver.<\/p>\n<div><\/div>\n<div>\n<p>Peso Neto de Film 0,9 KG &#8211; Peso Bruto 1,5 KG.<\/p>\n<div><\/div>\n<div>Garant\u00eda: Si bien tiene una duraci\u00f3n indefinida, aseguramos sus propiedades mec\u00e1nicas y caracter\u00edsticas de fabricaci\u00f3n, durante 1 a\u00f1o, mantenido en su embalaje original, en un ambiente de 25 C\u00b0 y H\u00b0 60% m\u00e1ximo. La fabricaci\u00f3n de este producto se rige bajo NCh 44. Of 2007 de acuerdo a caracter\u00edsticas de calidad. El AQL de aceptaci\u00f3n de reclamo es de 2,5%.<\/div>\n<\/div>\n","protected":false},"excerpt":{"rendered":"<p>ECOFILM &#8211;\u00a0Rollo Film Paletizador Manual &#8211; Material completamente reciclable, posee buenas propiedades mec\u00e1nicas, excelente % de estiramiento, y excelente consolidaci\u00f3n de paletizado. Fabricado con PE Lineal de Baja Densidad (LLDPE) y resina reciclada de Polietileno (rPE), lo que le da<\/p>\n","protected":false},"featured_media":1187,"comment_status":"open","ping_status":"closed","template":"","meta":[],"product_brand":[],"product_cat":[43],"product_tag":[64,66,65],"class_list":{"0":"post-1186","1":"product","2":"type-product","3":"status-publish","4":"has-post-thumbnail","6":"product_cat-ferreteria","7":"product_tag-film","8":"product_tag-film-stretch","9":"product_tag-paletizador","11":"first","12":"outofstock","13":"purchasable","14":"product-type-simple"},"_links":{"self":[{"href":"https:\/\/gestiongyd.cl\/index.php\/wp-json\/wp\/v2\/product\/1186","targetHints":{"allow":["GET"]}}],"collection":[{"href":"https:\/\/gestiongyd.cl\/index.php\/wp-json\/wp\/v2\/product"}],"about":[{"href":"https:\/\/gestiongyd.cl\/index.php\/wp-json\/wp\/v2\/types\/product"}],"replies":[{"embeddable":true,"href":"https:\/\/gestiongyd.cl\/index.php\/wp-json\/wp\/v2\/comments?post=1186"}],"wp:featuredmedia":[{"embeddable":true,"href":"https:\/\/gestiongyd.cl\/index.php\/wp-json\/wp\/v2\/media\/1187"}],"wp:attachment":[{"href":"https:\/\/gestiongyd.cl\/index.php\/wp-json\/wp\/v2\/media?parent=1186"}],"wp:term":[{"taxonomy":"product_brand","embeddable":true,"href":"https:\/\/gestiongyd.cl\/index.php\/wp-json\/wp\/v2\/product_brand?post=1186"},{"taxonomy":"product_cat","embeddable":true,"href":"https:\/\/gestiongyd.cl\/index.php\/wp-json\/wp\/v2\/product_cat?post=1186"},{"taxonomy":"product_tag","embeddable":true,"href":"https:\/\/gestiongyd.cl\/index.php\/wp-json\/wp\/v2\/product_tag?post=1186"}],"curies":[{"name":"wp","href":"https:\/\/api.w.org\/{rel}","templated":true}]}}