{"id":1070,"date":"2022-12-20T15:39:02","date_gmt":"2022-12-20T15:39:02","guid":{"rendered":"https:\/\/gestiongyd.cl\/?post_type=product&#038;p=1070"},"modified":"2024-12-13T16:05:36","modified_gmt":"2024-12-13T16:05:36","slug":"reloj-manometro-baja-r-410a-rg-250gf","status":"publish","type":"product","link":"https:\/\/gestiongyd.cl\/index.php\/producto\/reloj-manometro-baja-r-410a-rg-250gf\/","title":{"rendered":"RELOJ MANOMETRO BAJA R-410A RG-250GF"},"content":{"rendered":"<p><b>Man\u00f3metro de baja presi\u00f3n<\/b>: para mediciones de vac\u00edo y\u00a0<b>presiones<\/b>\u00a0muy\u00a0<b>bajas<\/b>. Para la medici\u00f3n precisa de\u00a0<b>presiones<\/b>\u00a0inferiores a 600 mbar, el\u00a0<b>man\u00f3metro<\/b>\u00a0mec\u00e1nico utiliza un elemento sensible deformable de tipo c\u00e1psula como elemento de medici\u00f3n.<\/p>\n","protected":false},"excerpt":{"rendered":"<p>Man\u00f3metro de baja presi\u00f3n: para mediciones de vac\u00edo y\u00a0presiones\u00a0muy\u00a0bajas. Para la medici\u00f3n precisa de\u00a0presiones\u00a0inferiores a 600 mbar, el\u00a0man\u00f3metro\u00a0mec\u00e1nico utiliza un elemento sensible deformable de tipo c\u00e1psula como elemento de medici\u00f3n.<\/p>\n","protected":false},"featured_media":1071,"comment_status":"open","ping_status":"closed","template":"","meta":[],"product_brand":[],"product_cat":[61],"product_tag":[],"class_list":{"0":"post-1070","1":"product","2":"type-product","3":"status-publish","4":"has-post-thumbnail","6":"product_cat-partes-a-c-aire-acondicionado","8":"first","9":"instock","10":"purchasable","11":"product-type-simple"},"_links":{"self":[{"href":"https:\/\/gestiongyd.cl\/index.php\/wp-json\/wp\/v2\/product\/1070","targetHints":{"allow":["GET"]}}],"collection":[{"href":"https:\/\/gestiongyd.cl\/index.php\/wp-json\/wp\/v2\/product"}],"about":[{"href":"https:\/\/gestiongyd.cl\/index.php\/wp-json\/wp\/v2\/types\/product"}],"replies":[{"embeddable":true,"href":"https:\/\/gestiongyd.cl\/index.php\/wp-json\/wp\/v2\/comments?post=1070"}],"wp:featuredmedia":[{"embeddable":true,"href":"https:\/\/gestiongyd.cl\/index.php\/wp-json\/wp\/v2\/media\/1071"}],"wp:attachment":[{"href":"https:\/\/gestiongyd.cl\/index.php\/wp-json\/wp\/v2\/media?parent=1070"}],"wp:term":[{"taxonomy":"product_brand","embeddable":true,"href":"https:\/\/gestiongyd.cl\/index.php\/wp-json\/wp\/v2\/product_brand?post=1070"},{"taxonomy":"product_cat","embeddable":true,"href":"https:\/\/gestiongyd.cl\/index.php\/wp-json\/wp\/v2\/product_cat?post=1070"},{"taxonomy":"product_tag","embeddable":true,"href":"https:\/\/gestiongyd.cl\/index.php\/wp-json\/wp\/v2\/product_tag?post=1070"}],"curies":[{"name":"wp","href":"https:\/\/api.w.org\/{rel}","templated":true}]}}