{"id":1056,"date":"2022-12-19T20:22:33","date_gmt":"2022-12-19T20:22:33","guid":{"rendered":"https:\/\/gestiongyd.cl\/?post_type=product&#038;p=1056"},"modified":"2024-04-16T15:54:26","modified_gmt":"2024-04-16T15:54:26","slug":"bomba-vacio-6cfm-180-l-min-220v-50hz-zru-3a","status":"publish","type":"product","link":"https:\/\/gestiongyd.cl\/index.php\/producto\/bomba-vacio-6cfm-180-l-min-220v-50hz-zru-3a\/","title":{"rendered":"BOMBA VACIO 6CFM 180 L\/MIN. 220V \/ 50HZ ZRU-3A"},"content":{"rendered":"<p>La bomba de vac\u00edo es un\u00a0<b>equipo mec\u00e1nico dise\u00f1ado para extraer gases o l\u00edquidos del interior de recipientes o sistemas, mediante el trasiego de los gases\/fluidos que contienen<\/b>. Este flujo genera una diferencia de presi\u00f3n medida en relaci\u00f3n a la presi\u00f3n atmosf\u00e9rica o con referencia a un punto de trabajo concreto.<\/p>\n","protected":false},"excerpt":{"rendered":"<p>La bomba de vac\u00edo es un\u00a0equipo mec\u00e1nico dise\u00f1ado para extraer gases o l\u00edquidos del interior de recipientes o sistemas, mediante el trasiego de los gases\/fluidos que contienen. Este flujo genera una diferencia de presi\u00f3n medida en relaci\u00f3n a la presi\u00f3n<\/p>\n","protected":false},"featured_media":1057,"comment_status":"open","ping_status":"closed","template":"","meta":[],"product_brand":[],"product_cat":[61],"product_tag":[],"class_list":{"0":"post-1056","1":"product","2":"type-product","3":"status-publish","4":"has-post-thumbnail","6":"product_cat-partes-a-c-aire-acondicionado","8":"first","9":"outofstock","10":"purchasable","11":"product-type-simple"},"_links":{"self":[{"href":"https:\/\/gestiongyd.cl\/index.php\/wp-json\/wp\/v2\/product\/1056","targetHints":{"allow":["GET"]}}],"collection":[{"href":"https:\/\/gestiongyd.cl\/index.php\/wp-json\/wp\/v2\/product"}],"about":[{"href":"https:\/\/gestiongyd.cl\/index.php\/wp-json\/wp\/v2\/types\/product"}],"replies":[{"embeddable":true,"href":"https:\/\/gestiongyd.cl\/index.php\/wp-json\/wp\/v2\/comments?post=1056"}],"wp:featuredmedia":[{"embeddable":true,"href":"https:\/\/gestiongyd.cl\/index.php\/wp-json\/wp\/v2\/media\/1057"}],"wp:attachment":[{"href":"https:\/\/gestiongyd.cl\/index.php\/wp-json\/wp\/v2\/media?parent=1056"}],"wp:term":[{"taxonomy":"product_brand","embeddable":true,"href":"https:\/\/gestiongyd.cl\/index.php\/wp-json\/wp\/v2\/product_brand?post=1056"},{"taxonomy":"product_cat","embeddable":true,"href":"https:\/\/gestiongyd.cl\/index.php\/wp-json\/wp\/v2\/product_cat?post=1056"},{"taxonomy":"product_tag","embeddable":true,"href":"https:\/\/gestiongyd.cl\/index.php\/wp-json\/wp\/v2\/product_tag?post=1056"}],"curies":[{"name":"wp","href":"https:\/\/api.w.org\/{rel}","templated":true}]}}