{"id":768,"date":"2022-06-24T17:43:03","date_gmt":"2022-06-24T17:43:03","guid":{"rendered":"https:\/\/gestiongyd.cl\/?page_id=768"},"modified":"2022-06-29T13:59:50","modified_gmt":"2022-06-29T13:59:50","slug":"refund_returns","status":"publish","type":"page","link":"https:\/\/gestiongyd.cl\/index.php\/refund_returns\/","title":{"rendered":"Pol\u00edtica de Devoluciones y Reembolsos"},"content":{"rendered":"\n<p>Nuestra pol\u00edtica de reembolso y devoluciones tiene una duraci\u00f3n de 30 d\u00edas. Si han pasado 30 d\u00edas desde su compra, no podemos ofrecer un reembolso completo o cambio.<\/p>\n\n\n\n<p>Para realizar una devoluci\u00f3n, el articulo debe estar sin usar y en las mismas condiciones en que lo recibi\u00f3. Tambi\u00e9n debe estar en el embalaje original.<\/p>\n\n\n\n<p>Para completar su devoluci\u00f3n, requerimos una boleta, comprobante de compra o factura.<\/p>\n\n\n\n<p>Una vez que se reciba e inspeccione su devoluci\u00f3n, le enviaremos un correo electr\u00f3nico para notificarle que hemos recibido su articulo devuelto. Tambi\u00e9n le notificaremos la aprobaci\u00f3n o rechazo de su reembolso.  <\/p>\n\n\n\n<p>Si se aprueba, se procesar\u00e1 su reembolso y la devoluci\u00f3n del dinero seg\u00fan el m\u00e9todo de pago, dentro de una cantidad de d\u00edas.<\/p>\n\n\n\n<p><b>Reembolsos atrasados o perdidos<\/b><\/p>\n\n\n\n<p>Si a\u00fan no ha recibido un reembolso, primero verifique su cuenta bancaria nuevamente.<\/p>\n\n\n\n<p>Si no ha recibido el reembolso, comun\u00edquese con nosotros a info@gestiongyd.cl.<\/p>\n\n\n\n<p><b>Art\u00edculos a la venta<\/b><\/p>\n\n\n\n<p>Solo se pueden reembolsar los art\u00edculos de precio regular. Los art\u00edculos en oferta no se pueden reembolsar.<\/p>\n\n\n\n<p><strong>Intercambios <\/strong><\/p>\n\n\n\n<p>Solo reemplazamos art\u00edculos si est\u00e1n defectuosos o da\u00f1ados de fabrica, para cambiarlo por el mismo articulo, env\u00edenos un correo electr\u00f3nico a info@gestiongyd.cl.<\/p>\n","protected":false},"excerpt":{"rendered":"<p>Nuestra pol\u00edtica de reembolso y devoluciones tiene una duraci\u00f3n de 30 d\u00edas. Si han pasado 30 d\u00edas desde su compra, no podemos ofrecer un reembolso completo o cambio. Para realizar una devoluci\u00f3n, el articulo debe estar sin usar y en<\/p>\n","protected":false},"author":2,"featured_media":0,"parent":0,"menu_order":0,"comment_status":"closed","ping_status":"closed","template":"","meta":{"footnotes":""},"class_list":["post-768","page","type-page","status-publish","hentry"],"_links":{"self":[{"href":"https:\/\/gestiongyd.cl\/index.php\/wp-json\/wp\/v2\/pages\/768","targetHints":{"allow":["GET"]}}],"collection":[{"href":"https:\/\/gestiongyd.cl\/index.php\/wp-json\/wp\/v2\/pages"}],"about":[{"href":"https:\/\/gestiongyd.cl\/index.php\/wp-json\/wp\/v2\/types\/page"}],"author":[{"embeddable":true,"href":"https:\/\/gestiongyd.cl\/index.php\/wp-json\/wp\/v2\/users\/2"}],"replies":[{"embeddable":true,"href":"https:\/\/gestiongyd.cl\/index.php\/wp-json\/wp\/v2\/comments?post=768"}],"version-history":[{"count":5,"href":"https:\/\/gestiongyd.cl\/index.php\/wp-json\/wp\/v2\/pages\/768\/revisions"}],"predecessor-version":[{"id":953,"href":"https:\/\/gestiongyd.cl\/index.php\/wp-json\/wp\/v2\/pages\/768\/revisions\/953"}],"wp:attachment":[{"href":"https:\/\/gestiongyd.cl\/index.php\/wp-json\/wp\/v2\/media?parent=768"}],"curies":[{"name":"wp","href":"https:\/\/api.w.org\/{rel}","templated":true}]}}